{"id":5464,"date":"2013-12-19T11:48:18","date_gmt":"2013-12-19T11:48:18","guid":{"rendered":"https:\/\/www.hotelromagarda.it\/prezzi\/"},"modified":"2026-04-26T16:58:02","modified_gmt":"2026-04-26T14:58:02","slug":"prezzi","status":"publish","type":"page","link":"https:\/\/www.hotelromagarda.it\/de\/prezzi\/","title":{"rendered":"Preise"},"content":{"rendered":"<p>&nbsp;<\/p>\n<div class=\"gdlr-shortcode-wrapper\"><div class=\"gdlr-item gdlr-price-table-item\" ><div class=\"gdlr-price-item four columns\"><div class=\"gdlr-price-inner-item  best-price \"><div class=\"price-title-wrapper\"><h4 class=\"price-title\">*Preis pro Zimmer mit Fr\u00fchst\u00fcck 2026<\/h4><div class=\"price-tag\">DOPPELZIMMER<\/div><\/div><div class=\"price-content\"><ul style=\"font-size: 14px; background-color: #ffffff;\">\n<li style=\"font-size: 14px;\"><em style=\"font-size: 14px;\">20.03 &#8211; 01.04 <\/em><strong><strong style=\"font-size: 14px;\">\u20ac 78*<\/strong><\/strong><\/li>\n<li style=\"font-size: 14px;\"><em style=\"font-size: 14px;\">02.04 &#8211; 22.05 <\/em><strong><strong style=\"font-size: 14px;\">\u20ac 106*<\/strong><\/strong><\/li>\n<li style=\"font-size: 14px;\"><em style=\"font-size: 14px;\">23.05 &#8211; 18.09 <\/em><strong><strong style=\"font-size: 14px;\">\u20ac 120*<\/strong><\/strong><\/li>\n<li style=\"font-size: 14px;\"><em style=\"font-size: 14px;\">29.09 &#8211; 03.10 <\/em><strong><strong style=\"font-size: 14px;\">\u20ac 106*<\/strong><\/strong><\/li>\n<li style=\"font-size: 14px;\"><em style=\"font-size: 14px;\">04.10 &#8211; 01.11 <\/em><strong style=\"font-size: 14px;\">\u20ac 78*<\/strong><\/li>\n<\/ul>\n<\/div><div class=\"price-button\"><a class=\"gdlr-button without-border\" href=\"#\">Buy Now<\/a><\/div><\/div><\/div><div class=\"gdlr-price-item four columns\"><div class=\"gdlr-price-inner-item  best-price \"><div class=\"price-title-wrapper\"><h4 class=\"price-title\">*Preis pro Zimmer mit Fr\u00fchst\u00fcck 2026<\/h4><div class=\"price-tag\">DOPPELZIMMER MIT SEEBLICK<\/div><\/div><div class=\"price-content\"><ul style=\"font-size: 14px; background-color: #ffffff;\">\n<li style=\"font-size: 14px;\"><em style=\"font-size: 14px;\">20.03 &#8211; 01.04 <\/em><strong><strong style=\"font-size: 14px;\">\u20ac 98*<\/strong><\/strong><\/li>\n<li style=\"font-size: 14px;\"><em style=\"font-size: 14px;\">02.04 &#8211; 22.05 <\/em><strong><strong style=\"font-size: 14px;\">\u20ac 126*<\/strong><\/strong><\/li>\n<li style=\"font-size: 14px;\"><em style=\"font-size: 14px;\">23.05 &#8211; 18.09 <\/em><strong><strong style=\"font-size: 14px;\">\u20ac 140*<\/strong><\/strong><\/li>\n<li style=\"font-size: 14px;\"><em style=\"font-size: 14px;\">29.09 &#8211; 03.10 <\/em><strong><strong style=\"font-size: 14px;\">\u20ac 126*<\/strong><\/strong><\/li>\n<li style=\"font-size: 14px;\"><em style=\"font-size: 14px;\">04.10 &#8211; 01.11 <\/em><strong style=\"font-size: 14px;\">\u20ac 98*<\/strong><\/li>\n<\/ul>\n<\/div><div class=\"price-button\"><a class=\"gdlr-button without-border\" href=\"#\">Buy Now<\/a><\/div><\/div><\/div><div class=\"gdlr-price-item four columns\"><div class=\"gdlr-price-inner-item  best-price \"><div class=\"price-title-wrapper\"><h4 class=\"price-title\">*Preis pro Zimmer mit Fr\u00fchst\u00fcck 2026<\/h4><div class=\"price-tag\">DREIBETTMMER MIT SEEBLICK<\/div><\/div><div class=\"price-content\"><ul style=\"font-size: 14px; background-color: #ffffff;\">\n<li style=\"font-size: 14px;\"><em style=\"font-size: 14px;\">20.03 &#8211; 01.04 <\/em><strong><strong style=\"font-size: 14px;\">\u20ac 123*<\/strong><\/strong><\/li>\n<li style=\"font-size: 14px;\"><em style=\"font-size: 14px;\">02.04 &#8211; 22.05 <\/em><strong><strong style=\"font-size: 14px;\">\u20ac 157*<\/strong><\/strong><\/li>\n<li style=\"font-size: 14px;\"><em style=\"font-size: 14px;\">23.05 &#8211; 18.09 <\/em><strong><strong style=\"font-size: 14px;\">\u20ac 175*<\/strong><\/strong><\/li>\n<li style=\"font-size: 14px;\"><em style=\"font-size: 14px;\">29.09 &#8211; 03.10 <\/em><strong><strong style=\"font-size: 14px;\">\u20ac 157*<\/strong><\/strong><\/li>\n<li style=\"font-size: 14px;\"><em style=\"font-size: 14px;\">04.10 &#8211; 01.11 <\/em><strong style=\"font-size: 14px;\">\u20ac 123*<\/strong><\/li>\n<\/ul>\n<\/div><div class=\"price-button\"><a class=\"gdlr-button without-border\" href=\"#\">Buy Now<\/a><\/div><\/div><\/div><div class=\"clear\"><\/div><\/div><\/div>\n<div class=\"clear\"><\/div><div class=\"gdlr-space\" style=\"margin-top: 80px;\"><\/div>\n<div class=\"gdlr-shortcode-wrapper\"><div class=\"gdlr-item gdlr-price-table-item\" ><div class=\"gdlr-price-item four columns\"><div class=\"gdlr-price-inner-item  best-price \"><div class=\"price-title-wrapper\"><h4 class=\"price-title\">*Preis pro Zimmer mit Fr\u00fchst\u00fcck 2027<\/h4><div class=\"price-tag\">DOPPELZIMMER<\/div><\/div><div class=\"price-content\"><ul style=\"font-size: 14px; background-color: #ffffff;\">\n<li style=\"font-size: 14px;\"><em style=\"font-size: 14px;\">19.03 &#8211; 24.03 <\/em><strong><strong style=\"font-size: 14px;\">\u20ac 81*<\/strong><\/strong><\/li>\n<li style=\"font-size: 14px;\"><em style=\"font-size: 14px;\">25.03 &#8211; 29.03 <\/em><strong><strong style=\"font-size: 14px;\">\u20ac 110*<\/strong><\/strong><\/li>\n<li style=\"font-size: 14px;\"><em style=\"font-size: 14px;\">30.03 &#8211; 23.04 <\/em><strong><strong style=\"font-size: 14px;\">\u20ac 81*<\/strong><\/strong><\/li>\n<li style=\"font-size: 14px;\"><em style=\"font-size: 14px;\">24.04 &#8211; 21.05 <\/em><strong><strong style=\"font-size: 14px;\">\u20ac 110*<\/strong><\/strong><\/li>\n<li style=\"font-size: 14px;\"><em style=\"font-size: 14px;\">22.05 &#8211; 17.09 <\/em><strong style=\"font-size: 14px;\">\u20ac 124*<\/strong><\/li>\n<li><em>18.09 &#8211; 02.10 <strong style=\"font-size: 14px;\">\u20ac <\/strong><\/em><strong style=\"font-size: 14px;\">110*<\/strong><\/li>\n<li><em>03.10 &#8211; 24.10 <strong style=\"font-size: 14px;\">\u20ac <\/strong><\/em><strong style=\"font-size: 14px;\">81*<\/strong><\/li>\n<\/ul>\n<\/div><div class=\"price-button\"><a class=\"gdlr-button without-border\" href=\"#\">Buy Now<\/a><\/div><\/div><\/div><div class=\"gdlr-price-item four columns\"><div class=\"gdlr-price-inner-item  best-price \"><div class=\"price-title-wrapper\"><h4 class=\"price-title\">*Preis pro Zimmer mit Fr\u00fchst\u00fcck 2027<\/h4><div class=\"price-tag\">DOPPELZIMMER MIT SEEBLICK<\/div><\/div><div class=\"price-content\"><ul style=\"font-size: 14px; background-color: #ffffff;\">\n<li style=\"font-size: 14px;\"><em style=\"font-size: 14px;\">19.03 &#8211; 24.03 <\/em><strong><strong style=\"font-size: 14px;\">\u20ac 101*<\/strong><\/strong><\/li>\n<li style=\"font-size: 14px;\"><em style=\"font-size: 14px;\">25.03 &#8211; 29.03 <\/em><strong><strong style=\"font-size: 14px;\">\u20ac 130*<\/strong><\/strong><\/li>\n<li style=\"font-size: 14px;\"><em style=\"font-size: 14px;\">30.03 &#8211; 23.04 <\/em><strong><strong style=\"font-size: 14px;\">\u20ac 101*<\/strong><\/strong><\/li>\n<li style=\"font-size: 14px;\"><em style=\"font-size: 14px;\">24.04 &#8211; 21.05 <\/em><strong><strong style=\"font-size: 14px;\">\u20ac 130*<\/strong><\/strong><\/li>\n<li style=\"font-size: 14px;\"><em style=\"font-size: 14px;\">22.05 &#8211; 17.09 <\/em><strong style=\"font-size: 14px;\">\u20ac 144*<\/strong><\/li>\n<li><em>18.09 &#8211; 02.10 <strong style=\"font-size: 14px;\">\u20ac <\/strong><\/em><strong style=\"font-size: 14px;\">130*<\/strong><\/li>\n<li><em>03.10 &#8211; 24.10 <strong style=\"font-size: 14px;\">\u20ac 101<\/strong><\/em><strong style=\"font-size: 14px;\">*<\/strong><\/li>\n<\/ul>\n<\/div><div class=\"price-button\"><a class=\"gdlr-button without-border\" href=\"#\">Buy Now<\/a><\/div><\/div><\/div><div class=\"gdlr-price-item four columns\"><div class=\"gdlr-price-inner-item  best-price \"><div class=\"price-title-wrapper\"><h4 class=\"price-title\">*Preis pro Zimmer mit Fr\u00fchst\u00fcck 2027<\/h4><div class=\"price-tag\">DREIBETTMMER MIT SEEBLICK<\/div><\/div><div class=\"price-content\"><ul style=\"font-size: 14px; background-color: #ffffff;\">\n<li style=\"font-size: 14px;\"><em style=\"font-size: 14px;\">19.03 &#8211; 24.03 <\/em><strong><strong style=\"font-size: 14px;\">\u20ac 127*<\/strong><\/strong><\/li>\n<li style=\"font-size: 14px;\"><em style=\"font-size: 14px;\">25.03 &#8211; 29.03 <\/em><strong><strong style=\"font-size: 14px;\">\u20ac 162*<\/strong><\/strong><\/li>\n<li style=\"font-size: 14px;\"><em style=\"font-size: 14px;\">30.03 &#8211; 23.04 <\/em><strong><strong style=\"font-size: 14px;\">\u20ac 127*<\/strong><\/strong><\/li>\n<li style=\"font-size: 14px;\"><em style=\"font-size: 14px;\">24.04 &#8211; 21.05 <\/em><strong><strong style=\"font-size: 14px;\">\u20ac 162*<\/strong><\/strong><\/li>\n<li style=\"font-size: 14px;\"><em style=\"font-size: 14px;\">22.05 &#8211; 17.09 <\/em><strong style=\"font-size: 14px;\">\u20ac 182*<\/strong><\/li>\n<li><em>18.09 &#8211; 02.10 <strong style=\"font-size: 14px;\">\u20ac 162<\/strong><\/em><strong style=\"font-size: 14px;\">*<\/strong><\/li>\n<li><em>03.10 &#8211; 24.10 <strong style=\"font-size: 14px;\">\u20ac 127<\/strong><\/em><strong style=\"font-size: 14px;\">*<\/strong><\/li>\n<\/ul>\n<\/div><div class=\"price-button\"><a class=\"gdlr-button without-border\" href=\"#\">Buy Now<\/a><\/div><\/div><\/div><div class=\"clear\"><\/div><\/div><\/div>\n<div class=\"clear\"><\/div><div class=\"gdlr-space\" style=\"margin-top: 80px;\"><\/div>\n<h5>SEHR GEEHRTER GAST, BITTE LESEN SIE VOR DER RESERVIERUNG SORGF\u00e4LTIG FOLGENDE HINWEISE:<\/h5>\n<ul>\n<li>\n<pre>Diese Preisliste versteht sich pro Tag in Euro: Fr\u00fchst\u00fccksb\u00fcffet, Bedienung inklusiv.<\/pre>\n<\/li>\n<li>\n<pre>Folgende Ausstattungen und Leistungen sind im offiziellen Preis enthalten: Garage, Transfer vom Flughafen Verona bei einem Mindestaufenthalt von 7 N\u00e4chten, Heizung, Klimaanlage, Safe im Zimmer, Fahrradaufbewahrung, Internetpoint, Wi-Fi.\r\nWir informieren unsere freundlichen Kunden, dass die Kurtaxe von 2,00 \u20ac pro Person\/pro Tag auf unsere oben genannten Preise angewendet wird. Ausgenommen Kinder bis 14 Jahre. Die Kurtaxe ist in der vorgenannten Preisliste nicht enthalten.<\/pre>\n<\/li>\n<li>\n<pre>Auf Wunsch sind folgende weitere Leistungen erh\u00e4ltlich: Zusatzbett, Wiege \u20ac 8,00 pro Tag.<\/pre>\n<\/li>\n<li>\n<pre>Check-in: zwischen 08:00 und 23:00 (Fertigzimmer sind ab 14:00 Uhr garantiert)<\/pre>\n<\/li>\n<li>\n<pre>Check-out: zwischen 07:00 und 11:00<\/pre>\n<\/li>\n<li>\n<pre>Zul\u00e4ssige Zahlungsarten: bar,  Kreditkarte: Visa, Mastercard, EC Kard<\/pre>\n<\/li>\n<\/ul>\n<p><strong>STORNOBEDINGUNGEN:<\/strong><\/p>\n<ul>\n<li>\n<pre>Die Buchung kann ohne\u00a0Stornogeb\u00fchren bis 15 Tage vor dem\u00a0Anreisedatum storniert werden.<br class=\"\" \/>Von 15 bis 7 Tage vor dem\u00a0Anreisedatum werden 3 N\u00e4chte in\u00a0Rechnung gestellt.<br class=\"\" \/>Von 6 Tage vor dem Anreisedatum , bei\u00a0Nichterscheinen ( no-show ) oder\u00a0vorzeitiger Abreise wird der komplette\u00a0gebuchte Aufenthalt berechnet.<\/pre>\n<\/li>\n<\/ul>\n","protected":false},"excerpt":{"rendered":"<p>&nbsp; SEHR GEEHRTER GAST, BITTE LESEN SIE VOR DER RESERVIERUNG SORGF\u00e4LTIG FOLGENDE HINWEISE: Diese Preisliste versteht sich pro Tag in Euro: Fr\u00fchst\u00fccksb\u00fcffet, Bedienung inklusiv. Folgende Ausstattungen und Leistungen sind im offiziellen Preis enthalten: Garage, Transfer vom Flughafen Verona bei einem Mindestaufenthalt von 7 N\u00e4chten, Heizung, Klimaanlage, Safe im Zimmer, Fahrradaufbewahrung, Internetpoint, Wi-Fi. Wir informieren unsere&#8230; <\/p>\n<div class=\"clear\"><\/div>\n<p><a href=\"https:\/\/www.hotelromagarda.it\/de\/prezzi\/\" class=\"excerpt-read-more\">Continue Reading<i class=\"fa fa-long-arrow-right icon-long-arrow-right\"><\/i><\/a><\/p>\n","protected":false},"author":1,"featured_media":0,"parent":0,"menu_order":0,"comment_status":"closed","ping_status":"closed","template":"","meta":{"footnotes":""},"class_list":["post-5464","page","type-page","status-publish","hentry"],"yoast_head":"<!-- This site is optimized with the Yoast SEO plugin v25.3 - https:\/\/yoast.com\/wordpress\/plugins\/seo\/ -->\n<title>Preise - Hotel Roma<\/title>\n<meta name=\"robots\" content=\"index, follow, max-snippet:-1, max-image-preview:large, max-video-preview:-1\" \/>\n<link rel=\"canonical\" href=\"https:\/\/www.hotelromagarda.it\/de\/prezzi\/\" \/>\n<meta property=\"og:locale\" content=\"de_DE\" \/>\n<meta property=\"og:type\" content=\"article\" \/>\n<meta property=\"og:title\" content=\"Preise - Hotel Roma\" \/>\n<meta property=\"og:description\" content=\"&nbsp; SEHR GEEHRTER GAST, BITTE LESEN SIE VOR DER RESERVIERUNG SORGF\u00e4LTIG FOLGENDE HINWEISE: Diese Preisliste versteht sich pro Tag in Euro: Fr\u00fchst\u00fccksb\u00fcffet, Bedienung inklusiv. Folgende Ausstattungen und Leistungen sind im offiziellen Preis enthalten: Garage, Transfer vom Flughafen Verona bei einem Mindestaufenthalt von 7 N\u00e4chten, Heizung, Klimaanlage, Safe im Zimmer, Fahrradaufbewahrung, Internetpoint, Wi-Fi. Wir informieren unsere... Continue Reading\" \/>\n<meta property=\"og:url\" content=\"https:\/\/www.hotelromagarda.it\/de\/prezzi\/\" \/>\n<meta property=\"og:site_name\" content=\"Hotel Roma\" \/>\n<meta property=\"article:modified_time\" content=\"2026-04-26T14:58:02+00:00\" \/>\n<meta name=\"twitter:card\" content=\"summary_large_image\" \/>\n<meta name=\"twitter:label1\" content=\"Gesch\u00e4tzte Lesezeit\" \/>\n\t<meta name=\"twitter:data1\" content=\"2\u00a0Minuten\" \/>\n<script type=\"application\/ld+json\" class=\"yoast-schema-graph\">{\"@context\":\"https:\/\/schema.org\",\"@graph\":[{\"@type\":\"WebPage\",\"@id\":\"https:\/\/www.hotelromagarda.it\/de\/prezzi\/\",\"url\":\"https:\/\/www.hotelromagarda.it\/de\/prezzi\/\",\"name\":\"Preise - Hotel Roma\",\"isPartOf\":{\"@id\":\"https:\/\/www.hotelromagarda.it\/#website\"},\"datePublished\":\"2013-12-19T11:48:18+00:00\",\"dateModified\":\"2026-04-26T14:58:02+00:00\",\"breadcrumb\":{\"@id\":\"https:\/\/www.hotelromagarda.it\/de\/prezzi\/#breadcrumb\"},\"inLanguage\":\"de\",\"potentialAction\":[{\"@type\":\"ReadAction\",\"target\":[\"https:\/\/www.hotelromagarda.it\/de\/prezzi\/\"]}]},{\"@type\":\"BreadcrumbList\",\"@id\":\"https:\/\/www.hotelromagarda.it\/de\/prezzi\/#breadcrumb\",\"itemListElement\":[{\"@type\":\"ListItem\",\"position\":1,\"name\":\"Home\",\"item\":\"https:\/\/www.hotelromagarda.it\/de\/\"},{\"@type\":\"ListItem\",\"position\":2,\"name\":\"Preise\"}]},{\"@type\":\"WebSite\",\"@id\":\"https:\/\/www.hotelromagarda.it\/#website\",\"url\":\"https:\/\/www.hotelromagarda.it\/\",\"name\":\"Hotel Roma\",\"description\":\"Garda\",\"potentialAction\":[{\"@type\":\"SearchAction\",\"target\":{\"@type\":\"EntryPoint\",\"urlTemplate\":\"https:\/\/www.hotelromagarda.it\/?s={search_term_string}\"},\"query-input\":{\"@type\":\"PropertyValueSpecification\",\"valueRequired\":true,\"valueName\":\"search_term_string\"}}],\"inLanguage\":\"de\"}]}<\/script>\n<!-- \/ Yoast SEO plugin. -->","yoast_head_json":{"title":"Preise - Hotel Roma","robots":{"index":"index","follow":"follow","max-snippet":"max-snippet:-1","max-image-preview":"max-image-preview:large","max-video-preview":"max-video-preview:-1"},"canonical":"https:\/\/www.hotelromagarda.it\/de\/prezzi\/","og_locale":"de_DE","og_type":"article","og_title":"Preise - Hotel Roma","og_description":"&nbsp; SEHR GEEHRTER GAST, BITTE LESEN SIE VOR DER RESERVIERUNG SORGF\u00e4LTIG FOLGENDE HINWEISE: Diese Preisliste versteht sich pro Tag in Euro: Fr\u00fchst\u00fccksb\u00fcffet, Bedienung inklusiv. Folgende Ausstattungen und Leistungen sind im offiziellen Preis enthalten: Garage, Transfer vom Flughafen Verona bei einem Mindestaufenthalt von 7 N\u00e4chten, Heizung, Klimaanlage, Safe im Zimmer, Fahrradaufbewahrung, Internetpoint, Wi-Fi. Wir informieren unsere... Continue Reading","og_url":"https:\/\/www.hotelromagarda.it\/de\/prezzi\/","og_site_name":"Hotel Roma","article_modified_time":"2026-04-26T14:58:02+00:00","twitter_card":"summary_large_image","twitter_misc":{"Gesch\u00e4tzte Lesezeit":"2\u00a0Minuten"},"schema":{"@context":"https:\/\/schema.org","@graph":[{"@type":"WebPage","@id":"https:\/\/www.hotelromagarda.it\/de\/prezzi\/","url":"https:\/\/www.hotelromagarda.it\/de\/prezzi\/","name":"Preise - Hotel Roma","isPartOf":{"@id":"https:\/\/www.hotelromagarda.it\/#website"},"datePublished":"2013-12-19T11:48:18+00:00","dateModified":"2026-04-26T14:58:02+00:00","breadcrumb":{"@id":"https:\/\/www.hotelromagarda.it\/de\/prezzi\/#breadcrumb"},"inLanguage":"de","potentialAction":[{"@type":"ReadAction","target":["https:\/\/www.hotelromagarda.it\/de\/prezzi\/"]}]},{"@type":"BreadcrumbList","@id":"https:\/\/www.hotelromagarda.it\/de\/prezzi\/#breadcrumb","itemListElement":[{"@type":"ListItem","position":1,"name":"Home","item":"https:\/\/www.hotelromagarda.it\/de\/"},{"@type":"ListItem","position":2,"name":"Preise"}]},{"@type":"WebSite","@id":"https:\/\/www.hotelromagarda.it\/#website","url":"https:\/\/www.hotelromagarda.it\/","name":"Hotel Roma","description":"Garda","potentialAction":[{"@type":"SearchAction","target":{"@type":"EntryPoint","urlTemplate":"https:\/\/www.hotelromagarda.it\/?s={search_term_string}"},"query-input":{"@type":"PropertyValueSpecification","valueRequired":true,"valueName":"search_term_string"}}],"inLanguage":"de"}]}},"_links":{"self":[{"href":"https:\/\/www.hotelromagarda.it\/de\/wp-json\/wp\/v2\/pages\/5464","targetHints":{"allow":["GET"]}}],"collection":[{"href":"https:\/\/www.hotelromagarda.it\/de\/wp-json\/wp\/v2\/pages"}],"about":[{"href":"https:\/\/www.hotelromagarda.it\/de\/wp-json\/wp\/v2\/types\/page"}],"author":[{"embeddable":true,"href":"https:\/\/www.hotelromagarda.it\/de\/wp-json\/wp\/v2\/users\/1"}],"replies":[{"embeddable":true,"href":"https:\/\/www.hotelromagarda.it\/de\/wp-json\/wp\/v2\/comments?post=5464"}],"version-history":[{"count":11,"href":"https:\/\/www.hotelromagarda.it\/de\/wp-json\/wp\/v2\/pages\/5464\/revisions"}],"predecessor-version":[{"id":6415,"href":"https:\/\/www.hotelromagarda.it\/de\/wp-json\/wp\/v2\/pages\/5464\/revisions\/6415"}],"wp:attachment":[{"href":"https:\/\/www.hotelromagarda.it\/de\/wp-json\/wp\/v2\/media?parent=5464"}],"curies":[{"name":"wp","href":"https:\/\/api.w.org\/{rel}","templated":true}]}}